{"id":3126,"date":"2023-03-06T15:48:32","date_gmt":"2023-03-06T14:48:32","guid":{"rendered":"https:\/\/www.forma-beauty.fr\/?page_id=3126"},"modified":"2026-04-02T18:25:44","modified_gmt":"2026-04-02T16:25:44","slug":"organigramme-formabeauty","status":"publish","type":"page","link":"https:\/\/www.forma-beauty.fr\/index.php\/a-propos\/organigramme-formabeauty\/","title":{"rendered":"Organigramme du centre de formation"},"content":{"rendered":"\n<div id=\"wpdevart_org_chart_1\" class=\"wpdevart_org_chart\"><div class=\"wpdevart_org_chart_container_parent\" id=\"wpdevart_org_chart_container_parent_1\"><div class=\"wpdevart_org_chart_container \" id=\"wpdevart_org_chart_container_1\"><ul ><li class=\"has_children next_no_children\" data-children=4><div class=\"wpda_tree_item_container\" id=\"wpda_item_container_1\" ><span class=\"wpda_tree_line\"><\/span><div class=\"\"><div class=\"wpda_tree_item_img_cont \"><img decoding=\"async\" class=\"wpda_tree_item_img\" src=\"https:\/\/www.forma-beauty.fr\/wp-content\/uploads\/2023\/03\/sabiah-garbaa-scaled.jpeg\"><\/div><div tabindex=\"0\" class=\"wpda_tree_item_title \">Sahbia Garbaa<\/div><div tabindex=\"0\" class=\"wpda_tree_item_desc \"><span class=\"service\">Directrice g\u00e9n\u00e9rale\nFormatrice\nResponsable commerciale\nResponsable qualit\u00e9\nR\u00e9f\u00e9rente handicap<\/span>\n\n<span class=\"infos tel\">T\u00e9l.: 04 23 26 78 06<\/span>\n<span class=\"infos mobile\">Port.: 06 37 12 13 51<\/span>\n<a title=\"\" href=\"ma&#105;&#108;&#116;&#111;&#x3a;&#x63;&#x6f;&#x6e;&#x74;ac&#116;&#64;&#102;&#111;&#x72;&#x6d;&#x61;&#x2d;&#x62;ea&#117;&#116;&#121;&#46;&#x66;&#x72;\" target=\"_top\" class=\"mail\"><span class=\"soc-font-icon\"><\/span><span class=\"screen-reader-text\">&#x63;&#111;n&#x74;&#97;c&#x74;&#64;f&#x6f;&#x72;&#109;&#x61;&#x2d;&#98;e&#x61;&#117;t&#x79;&#46;f&#x72;<\/span><\/a>\n<span class=\"infos website\"><a href=\"https:\/\/www.forma-beauty.fr\/\" target=\"_blank\">www.forma-beauty.fr<\/a><\/span>\n<\/div><\/div><\/div><ul ><li class=\"no_children next_no_children\" data-children=0><div class=\"wpda_tree_item_container\" id=\"wpda_item_container_2\" ><span class=\"wpda_tree_line\"><\/span><div class=\"\"><div class=\"wpda_tree_item_img_cont \"><img decoding=\"async\" class=\"wpda_tree_item_img\" src=\"https:\/\/www.forma-beauty.fr\/wp-content\/uploads\/2025\/01\/Aimelyne-Dalmat-OK-1.jpg\"><\/div><div tabindex=\"0\" class=\"wpda_tree_item_title \">Aimelyne Dalmat<\/div><div tabindex=\"0\" class=\"wpda_tree_item_desc \"><span class=\"service\">Community manager externalis\u00e9e<\/span>\n\n<span class=\"infos mobile\">Port.: 06 07 02 76 41<\/span>\n<a title=\"\" href=\"&#x6d;&#x61;&#105;l&#x74;&#x6f;&#58;&#115;u&#x62;&#x74;&#105;&#108;y&#x61;&#x2e;&#99;om&#x6d;&#x65;&#114;c&#x65;&#x40;&#103;&#109;a&#x69;&#x6c;&#46;&#99;o&#x6d;\" target=\"_top\" class=\"mail\"><span class=\"soc-font-icon\"><\/span><span class=\"screen-reader-text\">&#x73;&#x75;&#98;&#116;i&#x6c;&#x79;&#x61;&#46;co&#x6d;&#x6d;&#101;&#114;c&#x65;&#x40;&#x67;&#109;ai&#x6c;&#x2e;&#99;&#111;m<\/span><\/a><\/div><\/div><\/div><\/li><li class=\"no_children next_no_children\" data-children=0><div class=\"wpda_tree_item_container\" id=\"wpda_item_container_3\" ><span class=\"wpda_tree_line\"><\/span><div class=\"\"><div class=\"wpda_tree_item_img_cont \"><img decoding=\"async\" class=\"wpda_tree_item_img\" src=\"https:\/\/www.forma-beauty.fr\/wp-content\/uploads\/2025\/01\/remi-A3R-1.jpg\"><\/div><div tabindex=\"0\" class=\"wpda_tree_item_title \">R\u00e9mi Cailleaux<\/div><div tabindex=\"0\" class=\"wpda_tree_item_desc \"><span class=\"service\">Print &amp; Web externalis\u00e9<\/span>\n\n<span class=\"infos mobile\">Port.: 06 25 29 59 06<\/span>\n<span class=\"infos website\"><a href=\"https:\/\/www.publicitecommunication.com\/\" target=\"_blank\">www.publicitecommunication.com<\/a><\/span>\n<\/div><\/div><\/div><\/li><li class=\"no_children next_no_children\" data-children=0><div class=\"wpda_tree_item_container\" id=\"wpda_item_container_4\" ><span class=\"wpda_tree_line\"><\/span><div class=\"\"><div class=\"wpda_tree_item_img_cont \"><img decoding=\"async\" class=\"wpda_tree_item_img\" src=\"https:\/\/www.forma-beauty.fr\/wp-content\/uploads\/2025\/01\/Orelie-Campello-OK-2.jpg\"><\/div><div tabindex=\"0\" class=\"wpda_tree_item_title \">Or\u00e9lie Campello<\/div><div tabindex=\"0\" class=\"wpda_tree_item_desc \"><span class=\"service\">Consultante marketing externalis\u00e9e<\/span>\n\n<span class=\"infos mobile\">Port.: 06 28 42 00 63<\/span>\n<a title=\"\" href=\"ma&#105;&#108;&#116;&#111;&#x3a;&#x6f;&#x2e;&#x63;&#x61;mp&#101;&#108;&#108;&#111;&#x40;&#x61;&#x63;&#x63;&#x65;ss&#45;&#99;&#111;&#110;&#x73;&#x75;&#x6c;&#x74;&#x69;ng&#46;&#102;&#114;\" target=\"_top\" class=\"mail\"><span class=\"soc-font-icon\"><\/span><span class=\"screen-reader-text\">&#x6f;&#x2e;&#x63;&#97;&#109;&#112;el&#x6c;&#x6f;&#x40;&#x61;&#99;&#99;es&#x73;&#x2d;&#x63;&#x6f;&#110;&#115;ul&#x74;&#x69;&#x6e;&#x67;&#46;&#102;&#114;<\/span><\/a>\n<span class=\"infos website\"><a href=\"http:\/\/www.access-consulting.fr\/\" target=\"_blank\">www.access-consulting.fr<\/a><\/span><\/div><\/div><\/div><\/li><li class=\"no_children next_no_children\" data-children=0><div class=\"wpda_tree_item_container\" id=\"wpda_item_container_5\" ><span class=\"wpda_tree_line\"><\/span><div class=\"\"><div class=\"wpda_tree_item_img_cont \"><img decoding=\"async\" class=\"wpda_tree_item_img\" src=\"https:\/\/www.forma-beauty.fr\/wp-content\/uploads\/2025\/01\/Formabeauty-organigramme-homme-01.jpg\"><\/div><div tabindex=\"0\" class=\"wpda_tree_item_title \">Moustapha Amabra<\/div><div tabindex=\"0\" class=\"wpda_tree_item_desc \"><span class=\"service\">Expert-comptable externalis\u00e9<\/span>\n\n<span class=\"infos tel\">T\u00e9l.: 04 90 10 18 88 51<\/span>\n<span class=\"infos mobile\">Port.: 06 64 53 28 32<\/span>\n<a title=\"\" href=\"&#109;&#x61;&#105;&#x6c;&#116;&#x6f;&#58;&#x6f;&#46;&#x6d;&#117;&#x73;&#116;&#x61;&#112;&#x68;&#97;&#x40;&#112;&#x72;&#111;&#x76;&#101;&#x6e;&#99;&#x65;&#45;&#x63;&#111;&#x6d;&#112;&#x74;&#97;&#x2e;&#99;&#x6f;&#109;\" target=\"_top\" class=\"mail\"><span class=\"soc-font-icon\"><\/span><span class=\"screen-reader-text\">&#109;&#x75;&#115;&#x74;&#97;&#x70;&#104;&#x61;&#64;&#x70;&#114;&#x6f;&#118;&#x65;&#110;&#x63;&#101;&#x2d;&#99;&#x6f;&#109;&#x70;&#116;&#x61;&#46;&#x63;&#111;&#x6d;<\/span><\/a>\n<span class=\"infos website\"><a href=\"https:\/\/www.compta83.fr\" target=\"_blank\">www.compta83.fr<\/a><\/span><\/div><\/div><\/div><\/li><\/ul><\/li><\/ul><\/div><\/div><\/div><script>document.addEventListener(\"DOMContentLoaded\", function(event) { var wpda_org_chart_1= new wpdevart_org_chart_front(\"wpdevart_org_chart_container_1\",{mobile_frendly:\"mobile\",mobile_size:450,def_scroll:0, zoomable:\"disable\", draggable:\"disable\", default_zoom:\"100\", max_zoomable:\"1\", min_zoomable:\"10\", zoom_speed:\"10\"})});<\/script><style>#wpdevart_org_chart_container_1{\r\n\t\t\tbackground-image: linear-gradient(to right, #ffffff, #ffffff);\r\n\t\t\tpadding-top:20px;\r\n\t\t\tpadding-right:;\r\n\t\t\tpadding-bottom:20px;\r\n\t\t\tpadding-left:0px;\r\n\t\t\tborder-style: ;\r\n\t\t\tborder-color: ;\r\n\t\t\tborder-width: ;\r\n\t\t\tborder-radius: 0px;  \r\n\t\t}#wpdevart_org_chart_container_1 li{margin-top: 1px;}#wpdevart_org_chart_container_1 ul ul::before{left: calc(50% - 0.5px);\r\n\t\t\tborder-left: 1px solid #cccccc;\r\n\t\t\theight: 21px;\r\n\t\t\ttop: 0px;\r\n\t\t}#wpdevart_org_chart_container_1 li::before, #wpdevart_org_chart_container_1 li::after{\r\n\t\t\ttop: -1px;\r\n\t\t\tright: calc(50% - 0.5px);\r\n\t\t\twidth: calc(50% + 1px);\r\n\t\t\tborder-top: 1px solid #cccccc;\r\n\t\t\theight: 21px;\r\n\t\t}#wpdevart_org_chart_container_1 li:after{\r\n\t\t\tleft: calc(50% - 0.5px);\r\n\t\t\tborder-left: 1px solid #cccccc;\r\n\t\t}#wpdevart_org_chart_container_1 li:last-child::before{\r\n\t\t\tborder-right: 1px solid #cccccc;\r\n\t\t}#wpdevart_org_chart_container_1 li:first-child::before, #wpdevart_org_chart_container_1 li:last-child::after {\r\n\t\t  border: 0 none;\r\n\t\t}@media screen and (max-width: 1000px) {#wpdevart_org_chart_container_1{\r\n\t\t\tpadding-top:;\r\n\t\t\tpadding-right:;\r\n\t\t\tpadding-bottom:;\r\n\t\t\tpadding-left:;\t\t\r\n\t\t}}@media screen and (max-width: 450px) {#wpdevart_org_chart_container_1{\r\n\t\t\tpadding-top:;\r\n\t\t\tpadding-right:;\r\n\t\t\tpadding-bottom:;\r\n\t\t\tpadding-left:;\t\t\r\n\t\t}}#wpdevart_org_chart_container_1 .chart_wpda_mobile_after.has_children > ul:before{\r\n\t\t\ttop:-80px;\r\n\t\t\tleft:0px;\r\n\t\t\theight:80px;\r\n\t\t}#wpdevart_org_chart_container_1 .chart_wpda_mobile_after.has_children li .wpda_tree_item_container:after{\r\n\t\t\tborder-top: 1px solid #cccccc;\r\n\t\t}#wpdevart_org_chart_container_1 .chart_wpda_mobile_after.has_children li .wpda_tree_item_container:after{\r\n\t\t\tborder-top: 1px solid #cccccc;\r\n\t\t}#wpdevart_org_chart_container_1 .chart_wpda_mobile_after > ul li{\r\n\t\t\tborder-left:1px solid #cccccc;\r\n\t\t}#wpdevart_org_chart_container_1 .chart_wpda_mobile_after.has_children > .wpda_tree_item_container:before,#wpdevart_org_chart_container_1 .chart_wpda_mobile_after li.has_children > .wpda_tree_item_container:before{\r\n\t\t\tcontent: \"\";\r\n\t\t\tborder-left:1px solid #cccccc;\r\n\t\t}#wpdevart_org_chart_container_1 .chart_wpda_mobile_after li{\r\n\t\t\tmargin-top:0px;\r\n\t\t}#wpdevart_org_chart_container_1 .chart_wpda_mobile_after > ul li:last-child{\r\n\t\t\tborder-left: 0;\r\n\t\t}#wpdevart_org_chart_container_1 .chart_wpda_mobile_after > ul li:last-child > div > span.wpda_tree_line{\r\n\t\t\tborder-left: 1px solid #cccccc;\r\n\t\t}#wpdevart_org_chart_container_1 .chart_wpda_mobile_after.has_children li .wpda_tree_item_container:after {\r\n\t\t\ttop: calc(50% - 0.5px);\r\n\t\t}#wpdevart_org_chart_container_1 .chart_wpda_mobile_after li.has_children li .wpda_tree_item_container:after {\r\n\t\t\ttop: calc(50% - 0.5px);\r\n\t\t}.first_child_hidden#wpdevart_org_chart_container_1 .chart_wpda_mobile_after > ul > li > ul > li:first-child::before{\r\n\t\t\tborder-left: 1px solid #cccccc;\r\n\t\t\ttop: 80px;\r\n\t\t\theight: calc(100% - 80px);\r\n\t\t\tleft:0px;\r\n\t\t\twidth:0px;\r\n\t\t}.first_child_hidden#wpdevart_org_chart_container_1 .chart_wpda_mobile_after > ul > li > div.wpda_tree_item_container:before{\r\n\t\t\tborder:none;\r\n\t\t}#wpdevart_org_chart_container_1 .chart_wpda_mobile_after > ul li:last-child > .wpda_tree_item_container{\r\n\t\t\tpadding-left: 21px;\r\n\t\t}#wpdevart_org_chart_container_1 .chart_wpda_mobile_after > ul li:last-child > .wpda_tree_item_container:after{\r\n\t\t\twidth: 21px;\r\n\t\t}#wpdevart_org_chart_container_1 .chart_wpda_mobile_after > ul li:last-child > .wpda_tree_item_container:before{\r\n\t\t\tleft: 21px;\r\n\t\t}#wpdevart_org_chart_container_1 .chart_wpda_mobile_after > ul li:last-child > ul{\r\n\t\t\tmargin-left: 1px;\r\n\t\t}#wpdevart_org_chart_container_1 .wpdevart_highlight{\r\n\t\t\tbackground-color: #dbe908;\r\n\t\t}.wpda_mobile#wpdevart_org_chart_container_1 li.has_children > ul:before{\r\n\t\t\ttop:-80px;\r\n\t\t\tleft:0px;\r\n\t\t\theight:80px;\r\n\t\t}.wpda_mobile#wpdevart_org_chart_container_1 li.has_children li .wpda_tree_item_container:after{\r\n\t\t\tborder-top: 1px solid #cccccc;\r\n\t\t}#wpdevart_org_chart_container_1 .chart_wpda_mobile_after li.has_children li .wpda_tree_item_container:after{\r\n\t\t\tborder-top: 1px solid #cccccc;\r\n\t\t}.wpda_mobile#wpdevart_org_chart_container_1 > ul > li > ul li{\r\n\t\t\tborder-left:1px solid #cccccc;\r\n\t\t}.wpda_mobile#wpdevart_org_chart_container_1 li.has_children > .wpda_tree_item_container:before{\r\n\t\t\tcontent: \"\";\r\n\t\t\tborder-left:1px solid #cccccc;\r\n\t\t}.wpda_mobile#wpdevart_org_chart_container_1 li{\r\n\t\t\tmargin-top:0px;\r\n\t\t}.wpda_mobile#wpdevart_org_chart_container_1 > ul > li > ul li:last-child{\r\n\t\t\tborder-left: 0;\r\n\t\t}.wpda_mobile#wpdevart_org_chart_container_1 > ul > li > ul li:last-child > div > span.wpda_tree_line{\r\n\t\t\tborder-left: 1px solid #cccccc;\r\n\t\t}.wpda_mobile#wpdevart_org_chart_container_1 li.has_children li .wpda_tree_item_container:after {\r\n\t\t\ttop: calc(50% - 0.5px);\r\n\t\t}#wpdevart_org_chart_container_1 .chart_wpda_mobile_after li.has_children li .wpda_tree_item_container:after {\r\n\t\t\ttop: calc(50% - 0.5px);\r\n\t\t}.wpda_mobile.first_child_hidden#wpdevart_org_chart_container_1 > ul > li > ul > li:first-child::before{\r\n\t\t\tborder-left: 1px solid #cccccc;\r\n\t\t\ttop: 80px;\r\n\t\t\theight: calc(100% - 80px);\r\n\t\t\tleft:0px;\r\n\t\t\twidth:0px;\r\n\t\t}.wpda_mobile.first_child_hidden#wpdevart_org_chart_container_1  > ul > li > div.wpda_tree_item_container:before{\r\n\t\t\tborder:none;\r\n\t\t}.wpda_mobile#wpdevart_org_chart_container_1  > ul > li > ul li:last-child > .wpda_tree_item_container{\r\n\t\t\tpadding-left: 21px;\r\n\t\t}.wpda_mobile#wpdevart_org_chart_container_1  > ul > li > ul li:last-child > .wpda_tree_item_container:after{\r\n\t\t\twidth: 21px;\r\n\t\t}.wpda_mobile#wpdevart_org_chart_container_1  > ul > li > ul li:last-child > .wpda_tree_item_container:before{\r\n\t\t\tleft: 21px;\r\n\t\t}.wpda_mobile#wpdevart_org_chart_container_1 > ul > li > ul li:last-child >ul{\r\n\t\t\tmargin-left: 1px;\r\n\t\t}<\/style>\n","protected":false},"excerpt":{"rendered":"<p>Sahbia GarbaaDirectrice g\u00e9n\u00e9rale Formatrice Responsable commerciale Responsable qualit\u00e9 R\u00e9f\u00e9rente handicap T\u00e9l.: 04 23 26 78 06 Port.: 06 37 12 13 51 &#99;&#x6f;&#110;&#x74;&#97;&#x63;&#116;&#x40;&#102;&#x6f;&#114;&#x6d;a&#x2d;b&#x65;a&#x75;t&#x79;&#46;&#x66;r www.forma-beauty.fr Aimelyne DalmatCommunity manager externalis\u00e9e Port.: 06 07 02 76 41 subt&#105;&#108;&#121;&#97;&#46;&#x63;&#x6f;&#x6d;&#x6d;&#x65;&#x72;&#x63;e&#64;gm&#97;&#105;&#108;&#46;&#99;&#x6f;&#x6d;&#x52;\u00e9mi CailleauxPrint &amp; Web externalis\u00e9 Port.: 06 25 29 59 06 www.publicitecommunication.com Or\u00e9lie CampelloConsultante marketing externalis\u00e9e Port.: 06 28 42 00&hellip;<\/p>\n","protected":false},"author":1,"featured_media":0,"parent":7,"menu_order":28,"comment_status":"closed","ping_status":"closed","template":"","meta":{"footnotes":""},"class_list":["post-3126","page","type-page","status-publish","hentry","description-off"],"yoast_head":"<!-- This site is optimized with the Yoast SEO plugin v27.4 - https:\/\/yoast.com\/product\/yoast-seo-wordpress\/ -->\n<title>Organigramme du centre de formation - Forma Beauty<\/title>\n<meta name=\"description\" content=\"L&#039;organigramme du centre de formation beaut\u00e9 et esth\u00e9tique Formabeauty \u00e0 la Seyne-sur-mer\" \/>\n<meta name=\"robots\" content=\"index, follow, max-snippet:-1, max-image-preview:large, max-video-preview:-1\" \/>\n<link rel=\"canonical\" href=\"https:\/\/www.forma-beauty.fr\/index.php\/a-propos\/organigramme-formabeauty\/\" \/>\n<meta property=\"og:locale\" content=\"fr_FR\" \/>\n<meta property=\"og:type\" content=\"article\" \/>\n<meta property=\"og:title\" content=\"Organigramme du centre de formation - Forma Beauty\" \/>\n<meta property=\"og:description\" content=\"L&#039;organigramme du centre de formation beaut\u00e9 et esth\u00e9tique Formabeauty \u00e0 la Seyne-sur-mer\" \/>\n<meta property=\"og:url\" content=\"https:\/\/www.forma-beauty.fr\/index.php\/a-propos\/organigramme-formabeauty\/\" \/>\n<meta property=\"og:site_name\" content=\"Forma Beauty\" \/>\n<meta property=\"article:modified_time\" content=\"2026-04-02T16:25:44+00:00\" \/>\n<meta name=\"twitter:card\" content=\"summary_large_image\" \/>\n<meta name=\"twitter:label1\" content=\"Dur\u00e9e de lecture estim\u00e9e\" \/>\n\t<meta name=\"twitter:data1\" content=\"1 minute\" \/>\n<script type=\"application\/ld+json\" class=\"yoast-schema-graph\">{\"@context\":\"https:\\\/\\\/schema.org\",\"@graph\":[{\"@type\":\"WebPage\",\"@id\":\"https:\\\/\\\/www.forma-beauty.fr\\\/index.php\\\/a-propos\\\/organigramme-formabeauty\\\/\",\"url\":\"https:\\\/\\\/www.forma-beauty.fr\\\/index.php\\\/a-propos\\\/organigramme-formabeauty\\\/\",\"name\":\"Organigramme du centre de formation - Forma Beauty\",\"isPartOf\":{\"@id\":\"https:\\\/\\\/www.forma-beauty.fr\\\/#website\"},\"datePublished\":\"2023-03-06T14:48:32+00:00\",\"dateModified\":\"2026-04-02T16:25:44+00:00\",\"description\":\"L'organigramme du centre de formation beaut\u00e9 et esth\u00e9tique Formabeauty \u00e0 la Seyne-sur-mer\",\"breadcrumb\":{\"@id\":\"https:\\\/\\\/www.forma-beauty.fr\\\/index.php\\\/a-propos\\\/organigramme-formabeauty\\\/#breadcrumb\"},\"inLanguage\":\"fr-FR\",\"potentialAction\":[{\"@type\":\"ReadAction\",\"target\":[\"https:\\\/\\\/www.forma-beauty.fr\\\/index.php\\\/a-propos\\\/organigramme-formabeauty\\\/\"]}]},{\"@type\":\"BreadcrumbList\",\"@id\":\"https:\\\/\\\/www.forma-beauty.fr\\\/index.php\\\/a-propos\\\/organigramme-formabeauty\\\/#breadcrumb\",\"itemListElement\":[{\"@type\":\"ListItem\",\"position\":1,\"name\":\"Accueil\",\"item\":\"https:\\\/\\\/www.forma-beauty.fr\\\/\"},{\"@type\":\"ListItem\",\"position\":2,\"name\":\"\u00c0 propos\",\"item\":\"https:\\\/\\\/www.forma-beauty.fr\\\/index.php\\\/a-propos\\\/\"},{\"@type\":\"ListItem\",\"position\":3,\"name\":\"Organigramme du centre de formation\"}]},{\"@type\":\"WebSite\",\"@id\":\"https:\\\/\\\/www.forma-beauty.fr\\\/#website\",\"url\":\"https:\\\/\\\/www.forma-beauty.fr\\\/\",\"name\":\"Forma Beauty\",\"description\":\"Centre de formation Beaut\u00e9\",\"potentialAction\":[{\"@type\":\"SearchAction\",\"target\":{\"@type\":\"EntryPoint\",\"urlTemplate\":\"https:\\\/\\\/www.forma-beauty.fr\\\/?s={search_term_string}\"},\"query-input\":{\"@type\":\"PropertyValueSpecification\",\"valueRequired\":true,\"valueName\":\"search_term_string\"}}],\"inLanguage\":\"fr-FR\"}]}<\/script>\n<!-- \/ Yoast SEO plugin. -->","yoast_head_json":{"title":"Organigramme du centre de formation - Forma Beauty","description":"L'organigramme du centre de formation beaut\u00e9 et esth\u00e9tique Formabeauty \u00e0 la Seyne-sur-mer","robots":{"index":"index","follow":"follow","max-snippet":"max-snippet:-1","max-image-preview":"max-image-preview:large","max-video-preview":"max-video-preview:-1"},"canonical":"https:\/\/www.forma-beauty.fr\/index.php\/a-propos\/organigramme-formabeauty\/","og_locale":"fr_FR","og_type":"article","og_title":"Organigramme du centre de formation - Forma Beauty","og_description":"L'organigramme du centre de formation beaut\u00e9 et esth\u00e9tique Formabeauty \u00e0 la Seyne-sur-mer","og_url":"https:\/\/www.forma-beauty.fr\/index.php\/a-propos\/organigramme-formabeauty\/","og_site_name":"Forma Beauty","article_modified_time":"2026-04-02T16:25:44+00:00","twitter_card":"summary_large_image","twitter_misc":{"Dur\u00e9e de lecture estim\u00e9e":"1 minute"},"schema":{"@context":"https:\/\/schema.org","@graph":[{"@type":"WebPage","@id":"https:\/\/www.forma-beauty.fr\/index.php\/a-propos\/organigramme-formabeauty\/","url":"https:\/\/www.forma-beauty.fr\/index.php\/a-propos\/organigramme-formabeauty\/","name":"Organigramme du centre de formation - Forma Beauty","isPartOf":{"@id":"https:\/\/www.forma-beauty.fr\/#website"},"datePublished":"2023-03-06T14:48:32+00:00","dateModified":"2026-04-02T16:25:44+00:00","description":"L'organigramme du centre de formation beaut\u00e9 et esth\u00e9tique Formabeauty \u00e0 la Seyne-sur-mer","breadcrumb":{"@id":"https:\/\/www.forma-beauty.fr\/index.php\/a-propos\/organigramme-formabeauty\/#breadcrumb"},"inLanguage":"fr-FR","potentialAction":[{"@type":"ReadAction","target":["https:\/\/www.forma-beauty.fr\/index.php\/a-propos\/organigramme-formabeauty\/"]}]},{"@type":"BreadcrumbList","@id":"https:\/\/www.forma-beauty.fr\/index.php\/a-propos\/organigramme-formabeauty\/#breadcrumb","itemListElement":[{"@type":"ListItem","position":1,"name":"Accueil","item":"https:\/\/www.forma-beauty.fr\/"},{"@type":"ListItem","position":2,"name":"\u00c0 propos","item":"https:\/\/www.forma-beauty.fr\/index.php\/a-propos\/"},{"@type":"ListItem","position":3,"name":"Organigramme du centre de formation"}]},{"@type":"WebSite","@id":"https:\/\/www.forma-beauty.fr\/#website","url":"https:\/\/www.forma-beauty.fr\/","name":"Forma Beauty","description":"Centre de formation Beaut\u00e9","potentialAction":[{"@type":"SearchAction","target":{"@type":"EntryPoint","urlTemplate":"https:\/\/www.forma-beauty.fr\/?s={search_term_string}"},"query-input":{"@type":"PropertyValueSpecification","valueRequired":true,"valueName":"search_term_string"}}],"inLanguage":"fr-FR"}]}},"_links":{"self":[{"href":"https:\/\/www.forma-beauty.fr\/index.php\/wp-json\/wp\/v2\/pages\/3126","targetHints":{"allow":["GET"]}}],"collection":[{"href":"https:\/\/www.forma-beauty.fr\/index.php\/wp-json\/wp\/v2\/pages"}],"about":[{"href":"https:\/\/www.forma-beauty.fr\/index.php\/wp-json\/wp\/v2\/types\/page"}],"author":[{"embeddable":true,"href":"https:\/\/www.forma-beauty.fr\/index.php\/wp-json\/wp\/v2\/users\/1"}],"replies":[{"embeddable":true,"href":"https:\/\/www.forma-beauty.fr\/index.php\/wp-json\/wp\/v2\/comments?post=3126"}],"version-history":[{"count":12,"href":"https:\/\/www.forma-beauty.fr\/index.php\/wp-json\/wp\/v2\/pages\/3126\/revisions"}],"predecessor-version":[{"id":6054,"href":"https:\/\/www.forma-beauty.fr\/index.php\/wp-json\/wp\/v2\/pages\/3126\/revisions\/6054"}],"up":[{"embeddable":true,"href":"https:\/\/www.forma-beauty.fr\/index.php\/wp-json\/wp\/v2\/pages\/7"}],"wp:attachment":[{"href":"https:\/\/www.forma-beauty.fr\/index.php\/wp-json\/wp\/v2\/media?parent=3126"}],"curies":[{"name":"wp","href":"https:\/\/api.w.org\/{rel}","templated":true}]}}