{"id":3081,"date":"2023-03-06T14:20:28","date_gmt":"2023-03-06T13:20:28","guid":{"rendered":"https:\/\/www.forma-beauty.fr\/?page_id=3081"},"modified":"2023-03-06T14:28:58","modified_gmt":"2023-03-06T13:28:58","slug":"informations-pratiques","status":"publish","type":"page","link":"https:\/\/www.forma-beauty.fr\/index.php\/informations-pratiques\/","title":{"rendered":"Informations pratiques"},"content":{"rendered":"<div class=\"wpb-content-wrapper\"><p>[vc_row][vc_column]<style type=\"text\/css\" data-type=\"the7_shortcodes-inline-css\">.content-rollover-layout-list .post-entry-content {\n  top: 0;\n  height: 100%;\n  overflow-y: hidden;\n  display: -ms-flexbox;\n  display: -ms-flex;\n  display: flex;\n  -ms-flex-pack: flex-end;\n  -ms-justify-content: flex-end;\n  justify-content: flex-end;\n  -ms-flex-flow: column nowrap;\n  flex-flow: column nowrap;\n}\n.content-rollover-layout-list .post-entry-content:before {\n  position: absolute;\n  top: 0;\n  left: 0;\n  width: 100%;\n  height: 100%;\n  opacity: 1;\n  content: '';\n  transform: translate3d(0,35%,0);\n}\n.content-rollover-layout-list .entry-excerpt,\n.content-rollover-layout-list .post-details {\n  opacity: 0;\n  transition: opacity 0.45s;\n}\n.content-rollover-layout-list:not(.disable-layout-hover) article:hover .entry-excerpt,\n.content-rollover-layout-list:not(.disable-layout-hover) article:hover .post-details {\n  opacity: 1;\n}\n.content-rollover-layout-list .post-entry-content:before,\n.content-rollover-layout-list .post-entry-content .post-entry-wrapper {\n  transition: opacity 0.35s, bottom 0.35s, transform 0.4s;\n}\n.content-rollover-layout-list .post-entry-content .post-entry-wrapper {\n  position: absolute;\n  bottom: 0;\n  left: 0;\n  width: 100%;\n  box-sizing: border-box;\n}\n.content-rollover-layout-list:not(.disable-layout-hover) article:hover .post-entry-content:before {\n  opacity: 1;\n  transform: translate3d(0,0,0);\n}\n.mobile-false .content-rollover-layout-list:not(.disable-layout-hover) article:hover .post-entry-wrapper {\n  opacity: 1;\n  bottom: 0;\n}\n.mobile-true .content-rollover-layout-list:not(.disable-layout-hover) .post-entry-wrapper {\n  opacity: 1;\n  bottom: 0 !important;\n  transform: translateY(0) !important;\n}\n#page .blog-shortcode.blog-masonry-shortcode-id-4b50dc944f330621ea4ddf437a73560d.content-rollover-layout-list .post-entry-content {\n  background: none;\n  padding: 0;\n}\n.blog-shortcode.blog-masonry-shortcode-id-4b50dc944f330621ea4ddf437a73560d.content-rollover-layout-list .post-entry-wrapper {\n  padding: 25px 30px 30px 30px;\n}\n.blog-shortcode.blog-masonry-shortcode-id-4b50dc944f330621ea4ddf437a73560d.content-rollover-layout-list .post-entry-wrapper {\n  bottom: -15px;\n}\n.blog-shortcode.blog-masonry-shortcode-id-4b50dc944f330621ea4ddf437a73560d.content-rollover-layout-list.meta-info-off .post-entry-wrapper {\n  bottom: -5px;\n}\n.blog-shortcode.blog-masonry-shortcode-id-4b50dc944f330621ea4ddf437a73560d.content-rollover-layout-list article:not(.description-off) .post-entry-wrapper {\n  bottom: -20px;\n}\n.blog-shortcode.blog-masonry-shortcode-id-4b50dc944f330621ea4ddf437a73560d.content-rollover-layout-list:not(.disable-layout-hover) article:hover .post-entry-wrapper {\n  bottom: 0;\n}\n.blog-shortcode.blog-masonry-shortcode-id-4b50dc944f330621ea4ddf437a73560d .filter-bg-decoration .filter-categories a.act {\n  color: #fff;\n}\n.blog-shortcode.blog-masonry-shortcode-id-4b50dc944f330621ea4ddf437a73560d:not(.mode-masonry) article:first-of-type,\n.blog-shortcode.blog-masonry-shortcode-id-4b50dc944f330621ea4ddf437a73560d:not(.mode-masonry) article.visible.first:not(.product) {\n  margin-top: 0;\n}\n.blog-shortcode.blog-masonry-shortcode-id-4b50dc944f330621ea4ddf437a73560d.dividers-on:not(.mode-masonry) article {\n  margin-top: 0;\n}\n.blog-shortcode.blog-masonry-shortcode-id-4b50dc944f330621ea4ddf437a73560d.dividers-on:not(.mode-masonry) article:first-of-type,\n.blog-shortcode.blog-masonry-shortcode-id-4b50dc944f330621ea4ddf437a73560d.dividers-on:not(.mode-masonry) article.visible.first:not(.product) {\n  margin-top: 0;\n  padding-top: 0;\n}\n.blog-shortcode.blog-masonry-shortcode-id-4b50dc944f330621ea4ddf437a73560d .post-thumbnail-wrap {\n  padding: 0px 0px 0px 0px;\n}\n.blog-shortcode.blog-masonry-shortcode-id-4b50dc944f330621ea4ddf437a73560d.enable-bg-rollover .post-thumbnail-rollover:after {\n  background: -webkit-linear-gradient();\n  background: linear-gradient();\n}\n.blog-shortcode.blog-masonry-shortcode-id-4b50dc944f330621ea4ddf437a73560d .gallery-zoom-ico {\n  width: 44px;\n  height: 44px;\n  line-height: 44px;\n  border-radius: 100px;\n  margin: -22px 0 0 -22px;\n  border-width: 0px;\n  color: #ffffff;\n}\n.bottom-overlap-layout-list.blog-shortcode.blog-masonry-shortcode-id-4b50dc944f330621ea4ddf437a73560d .gallery-zoom-ico {\n  margin-top: -72px;\n}\n.gradient-overlay-layout-list.blog-shortcode.blog-masonry-shortcode-id-4b50dc944f330621ea4ddf437a73560d .gallery-zoom-ico,\n.content-rollover-layout-list.blog-shortcode.blog-masonry-shortcode-id-4b50dc944f330621ea4ddf437a73560d .gallery-zoom-ico {\n  margin: 0 0 10px;\n}\n.content-align-center.gradient-overlay-layout-list.blog-shortcode.blog-masonry-shortcode-id-4b50dc944f330621ea4ddf437a73560d .gallery-zoom-ico,\n.content-align-center.content-rollover-layout-list.blog-shortcode.blog-masonry-shortcode-id-4b50dc944f330621ea4ddf437a73560d .gallery-zoom-ico {\n  margin: 0 auto 10px;\n}\n.dt-icon-bg-on.blog-shortcode.blog-masonry-shortcode-id-4b50dc944f330621ea4ddf437a73560d .gallery-zoom-ico {\n  background: rgba(255,255,255,0.3);\n  box-shadow: none;\n}\n.blog-shortcode.blog-masonry-shortcode-id-4b50dc944f330621ea4ddf437a73560d .gallery-zoom-ico > span,\n.blog-shortcode.blog-masonry-shortcode-id-4b50dc944f330621ea4ddf437a73560d .gallery-zoom-ico:before {\n  font-size: 32px;\n  line-height: 44px;\n}\n.blog-shortcode.blog-masonry-shortcode-id-4b50dc944f330621ea4ddf437a73560d .gallery-zoom-ico > span,\n.blog-shortcode.blog-masonry-shortcode-id-4b50dc944f330621ea4ddf437a73560d .gallery-zoom-ico:before {\n  color: #ffffff;\n}\n.blog-shortcode.blog-masonry-shortcode-id-4b50dc944f330621ea4ddf437a73560d .entry-title,\n.blog-shortcode.blog-masonry-shortcode-id-4b50dc944f330621ea4ddf437a73560d.owl-carousel .entry-title {\n  margin-bottom: 5px;\n  font-weight: bold;\n}\n.blog-shortcode.blog-masonry-shortcode-id-4b50dc944f330621ea4ddf437a73560d .entry-meta {\n  margin-bottom: 15px;\n}\n.blog-shortcode.blog-masonry-shortcode-id-4b50dc944f330621ea4ddf437a73560d .portfolio-categories {\n  margin-bottom: 15px;\n}\n.blog-shortcode.blog-masonry-shortcode-id-4b50dc944f330621ea4ddf437a73560d .entry-excerpt {\n  margin-bottom: 5px;\n}\n.blog-shortcode.blog-masonry-shortcode-id-4b50dc944f330621ea4ddf437a73560d:not(.centered-layout-list) .post-entry-content {\n  padding: 25px 30px 30px 30px;\n}\n.blog-shortcode.blog-masonry-shortcode-id-4b50dc944f330621ea4ddf437a73560d:not(.centered-layout-list):not(.content-bg-on):not(.mode-list) .no-img .post-entry-content {\n  padding: 0;\n}\n@media screen and (max-width: ) {\n  .blog-shortcode.blog-masonry-shortcode-id-4b50dc944f330621ea4ddf437a73560d article {\n    -ms-flex-flow: column nowrap;\n    flex-flow: column nowrap;\n    margin-top: 20px;\n  }\n  .blog-shortcode.blog-masonry-shortcode-id-4b50dc944f330621ea4ddf437a73560d.dividers-on article {\n    border: none;\n  }\n  .blog-shortcode.blog-masonry-shortcode-id-4b50dc944f330621ea4ddf437a73560d.content-bg-on.centered-layout-list article {\n    padding: 0;\n  }\n  .blog-shortcode.blog-masonry-shortcode-id-4b50dc944f330621ea4ddf437a73560d.blog-shortcode.dividers-on article,\n  .blog-shortcode.blog-masonry-shortcode-id-4b50dc944f330621ea4ddf437a73560d.dividers-on.classic-layout-list article {\n    margin-top: 20px;\n    padding: 0;\n  }\n  .blog-shortcode.blog-masonry-shortcode-id-4b50dc944f330621ea4ddf437a73560d.blog-shortcode.dividers-on article:first-of-type,\n  .blog-shortcode.blog-masonry-shortcode-id-4b50dc944f330621ea4ddf437a73560d.dividers-on.classic-layout-list article:first-of-type {\n    padding: 0;\n  }\n  #page .blog-shortcode.blog-masonry-shortcode-id-4b50dc944f330621ea4ddf437a73560d .post-thumbnail-wrap,\n  #page .blog-shortcode.blog-masonry-shortcode-id-4b50dc944f330621ea4ddf437a73560d .post-entry-content {\n    width: 100%;\n    margin: 0;\n    top: 0;\n  }\n  #page .blog-shortcode.blog-masonry-shortcode-id-4b50dc944f330621ea4ddf437a73560d .post-thumbnail-wrap {\n    padding: 0;\n  }\n  #page .blog-shortcode.blog-masonry-shortcode-id-4b50dc944f330621ea4ddf437a73560d .post-entry-content:after {\n    display: none;\n  }\n  #page .blog-shortcode.blog-masonry-shortcode-id-4b50dc944f330621ea4ddf437a73560d .project-even .post-thumbnail-wrap,\n  #page .blog-shortcode.blog-masonry-shortcode-id-4b50dc944f330621ea4ddf437a73560d.centered-layout-list .post-thumbnail-wrap {\n    -ms-flex-order: 0;\n    order: 0;\n  }\n  #page .blog-shortcode.blog-masonry-shortcode-id-4b50dc944f330621ea4ddf437a73560d.centered-layout-list .post-entry-title-content {\n    -ms-flex-order: 1;\n    order: 1;\n    width: 100%;\n    padding: 20px 20px 0;\n  }\n  #page .blog-shortcode.blog-masonry-shortcode-id-4b50dc944f330621ea4ddf437a73560d.centered-layout-list .post-entry-content {\n    -ms-flex-order: 2;\n    order: 2;\n    padding-top: 0;\n  }\n  #page .blog-shortcode.blog-masonry-shortcode-id-4b50dc944f330621ea4ddf437a73560d .fancy-categories {\n    top: 10px;\n    left: 10px;\n    bottom: auto;\n    right: auto;\n  }\n  #page .blog-shortcode.blog-masonry-shortcode-id-4b50dc944f330621ea4ddf437a73560d .fancy-date a {\n    top: 10px;\n    right: 10px;\n    left: auto;\n    bottom: auto;\n  }\n  #page .blog-shortcode.blog-masonry-shortcode-id-4b50dc944f330621ea4ddf437a73560d .post-entry-content {\n    padding: 20px;\n  }\n  #page .blog-shortcode.blog-masonry-shortcode-id-4b50dc944f330621ea4ddf437a73560d .entry-title {\n    margin: 3px 0 5px;\n    font-size: 20px;\n    line-height: 26px;\n  }\n  #page .blog-shortcode.blog-masonry-shortcode-id-4b50dc944f330621ea4ddf437a73560d .entry-meta {\n    margin: 5px 0 5px;\n  }\n  #page .blog-shortcode.blog-masonry-shortcode-id-4b50dc944f330621ea4ddf437a73560d .entry-excerpt {\n    margin: 15px 0 0;\n  }\n  #page .blog-shortcode.blog-masonry-shortcode-id-4b50dc944f330621ea4ddf437a73560d .post-details {\n    margin: 5px 0 10px;\n  }\n  #page .blog-shortcode.blog-masonry-shortcode-id-4b50dc944f330621ea4ddf437a73560d .post-details.details-type-link {\n    margin-bottom: 2px;\n  }\n}\n<\/style><div class=\"blog-shortcode blog-masonry-shortcode-id-4b50dc944f330621ea4ddf437a73560d mode-masonry content-rollover-layout-list content-bg-on jquery-filter content-align-center scale-img meta-info-off dt-icon-bg-off resize-by-browser-width loading-effect-helix description-on-hover\" data-padding=\"15px\" data-cur-page=\"1\" data-post-limit=\"-1\" data-pagination-mode=\"none\" data-desktop-columns-num=\"4\" data-v-tablet-columns-num=\"2\" data-h-tablet-columns-num=\"3\" data-phone-columns-num=\"1\" data-width=\"0px\" data-columns=\"0\"><div class=\"iso-container\" ><div class=\"visible wf-cell iso-item\" data-post-id=\"3115\" data-date=\"2023-03-06T15:19:03+01:00\" data-name=\"O\u00f9 nous trouver ?\"><article class=\"post project-odd visible post-3115 type-post status-publish format-standard has-post-thumbnail hentry category-informations-pratiques category-74\" data-name=\"O\u00f9 nous trouver ?\" data-date=\"2023-03-06T15:19:03+01:00\">\n<div class=\"post-thumbnail-wrap\">\n\t<div class=\"post-thumbnail\">\n\t\t\n\t\t\n\t\t<a href=\"https:\/\/www.forma-beauty.fr\/index.php\/2023\/03\/06\/nous-trouver\/\" class=\"post-thumbnail-rollover layzr-bg layzr-bg\" ><img fetchpriority=\"high\" decoding=\"async\" class=\"iso-lazy-load preload-me iso-lazy-load aspect\" src=\"data:image\/svg+xml,%3Csvg%20xmlns%3D&#39;http%3A%2F%2Fwww.w3.org%2F2000%2Fsvg&#39;%20viewBox%3D&#39;0%200%20757%20510&#39;%2F%3E\" data-src=\"https:\/\/www.forma-beauty.fr\/wp-content\/uploads\/2023\/03\/formabeauty-plan.jpg\" data-srcset=\"https:\/\/www.forma-beauty.fr\/wp-content\/uploads\/2023\/03\/formabeauty-plan.jpg 757w\" loading=\"eager\" style=\"--ratio: 757 \/ 510;\" sizes=\"(max-width: 757px) 100vw, 757px\" alt=\"Centre de formation FormaBeauty, 28 avenue Gambetta 83500 La-Seyne-sur-Mer\" title=\"Centre de formation FormaBeauty, 28 avenue Gambetta 83500 La-Seyne-sur-Mer\" width=\"757\" height=\"510\"  \/><\/a>\t<\/div>\n<\/div>\n\n<div class=\"post-entry-content\">\n\t<div class=\"post-entry-wrapper\">\n\t\t\t\t<h3 class=\"entry-title\">\n\t\t\t<a href=\"https:\/\/www.forma-beauty.fr\/index.php\/2023\/03\/06\/nous-trouver\/\" title=\"O\u00f9 nous trouver ?\" rel=\"bookmark\">O\u00f9 nous trouver ?<\/a>\n\t\t<\/h3>\n\n\t\t\n\t\t<div class=\"entry-excerpt\"><p>T\u00e9l\u00e9phone : 04 94 87 12 69 Adresse : 79, impasse la Proven\u00e7ale 83500 LA SEYNE-SUR-MER Transports en commun Gare SNCF de la Seyne-Six-Fours \u00e0 450 m Arr\u00eat de bus Gai Versant \u00e0 400 m Arr\u00eat de bus Pyrotechnie \u00e0 850 m Arr\u00eat de bus 8 mai \u00e0 950 m Arr\u00eat de bus Wallon \u00e0&hellip;<\/p>\n<\/div>\n\t\t\n<a href=\"https:\/\/www.forma-beauty.fr\/index.php\/2023\/03\/06\/nous-trouver\/\" class=\"post-details details-type-link\" aria-label=\"En savoir plus sur O\u00f9 nous trouver ?\">Lire la suite<i class=\"dt-icon-the7-arrow-03\" aria-hidden=\"true\"><\/i><\/a>\n\n\t<\/div>\n<\/div><\/article><\/div><div class=\"visible wf-cell iso-item\" data-post-id=\"3089\" data-date=\"2023-03-06T14:30:30+01:00\" data-name=\"O\u00f9 se restaurer ?\"><article class=\"post project-odd visible post-3089 type-post status-publish format-standard has-post-thumbnail hentry category-informations-pratiques category-74\" data-name=\"O\u00f9 se restaurer ?\" data-date=\"2023-03-06T14:30:30+01:00\">\n<div class=\"post-thumbnail-wrap\">\n\t<div class=\"post-thumbnail\">\n\t\t\n\t\t\n\t\t<a href=\"https:\/\/www.forma-beauty.fr\/index.php\/2023\/03\/06\/ou-se-restaurer\/\" class=\"post-thumbnail-rollover layzr-bg layzr-bg\" ><img decoding=\"async\" class=\"iso-lazy-load preload-me iso-lazy-load aspect\" src=\"data:image\/svg+xml,%3Csvg%20xmlns%3D&#39;http%3A%2F%2Fwww.w3.org%2F2000%2Fsvg&#39;%20viewBox%3D&#39;0%200%20768%20512&#39;%2F%3E\" data-src=\"https:\/\/www.forma-beauty.fr\/wp-content\/uploads\/2023\/03\/formabeauty-ou-se-restaurer-768x512.jpg\" data-srcset=\"https:\/\/www.forma-beauty.fr\/wp-content\/uploads\/2023\/03\/formabeauty-ou-se-restaurer-768x512.jpg 768w, https:\/\/www.forma-beauty.fr\/wp-content\/uploads\/2023\/03\/formabeauty-ou-se-restaurer-1152x768.jpg 1152w\" loading=\"eager\" style=\"--ratio: 768 \/ 512;\" sizes=\"(max-width: 768px) 100vw, 768px\" alt=\"\" title=\"formabeauty-ou-se-restaurer\" width=\"768\" height=\"512\"  \/><\/a>\t<\/div>\n<\/div>\n\n<div class=\"post-entry-content\">\n\t<div class=\"post-entry-wrapper\">\n\t\t\t\t<h3 class=\"entry-title\">\n\t\t\t<a href=\"https:\/\/www.forma-beauty.fr\/index.php\/2023\/03\/06\/ou-se-restaurer\/\" title=\"O\u00f9 se restaurer ?\" rel=\"bookmark\">O\u00f9 se restaurer ?<\/a>\n\t\t<\/h3>\n\n\t\t\n\t\t<div class=\"entry-excerpt\"><p>Le centre de formation Forma Beauty met \u00e0 disposition pour ses stagiaires un espace \u00e9quip\u00e9 d\u2019un four \u00e0 micro-onde et d&rsquo;un frigo afin de se restaurer sur place. Plusieurs professionnels de la restauration sont proches du centre de formation :<\/p>\n<\/div>\n\t\t\n<a href=\"https:\/\/www.forma-beauty.fr\/index.php\/2023\/03\/06\/ou-se-restaurer\/\" class=\"post-details details-type-link\" aria-label=\"En savoir plus sur O\u00f9 se restaurer ?\">Lire la suite<i class=\"dt-icon-the7-arrow-03\" aria-hidden=\"true\"><\/i><\/a>\n\n\t<\/div>\n<\/div><\/article><\/div><div class=\"visible wf-cell iso-item\" data-post-id=\"3083\" data-date=\"2023-03-06T14:23:44+01:00\" data-name=\"O\u00f9 se loger ?\"><article class=\"post project-odd visible post-3083 type-post status-publish format-standard has-post-thumbnail hentry category-informations-pratiques category-74\" data-name=\"O\u00f9 se loger ?\" data-date=\"2023-03-06T14:23:44+01:00\">\n<div class=\"post-thumbnail-wrap\">\n\t<div class=\"post-thumbnail\">\n\t\t\n\t\t\n\t\t<a href=\"https:\/\/www.forma-beauty.fr\/index.php\/2023\/03\/06\/ou-se-loger\/\" class=\"post-thumbnail-rollover layzr-bg layzr-bg\" ><img decoding=\"async\" class=\"iso-lazy-load preload-me iso-lazy-load aspect\" src=\"data:image\/svg+xml,%3Csvg%20xmlns%3D&#39;http%3A%2F%2Fwww.w3.org%2F2000%2Fsvg&#39;%20viewBox%3D&#39;0%200%20768%20576&#39;%2F%3E\" data-src=\"https:\/\/www.forma-beauty.fr\/wp-content\/uploads\/2023\/03\/formabeauty-ou-se-loger-768x576.jpg\" data-srcset=\"https:\/\/www.forma-beauty.fr\/wp-content\/uploads\/2023\/03\/formabeauty-ou-se-loger-768x576.jpg 768w, https:\/\/www.forma-beauty.fr\/wp-content\/uploads\/2023\/03\/formabeauty-ou-se-loger-1152x864.jpg 1152w\" loading=\"eager\" style=\"--ratio: 768 \/ 576;\" sizes=\"(max-width: 768px) 100vw, 768px\" alt=\"\" title=\"Mercure Toulon La Seyne Sur Mer\" width=\"768\" height=\"576\"  \/><\/a>\t<\/div>\n<\/div>\n\n<div class=\"post-entry-content\">\n\t<div class=\"post-entry-wrapper\">\n\t\t\t\t<h3 class=\"entry-title\">\n\t\t\t<a href=\"https:\/\/www.forma-beauty.fr\/index.php\/2023\/03\/06\/ou-se-loger\/\" title=\"O\u00f9 se loger ?\" rel=\"bookmark\">O\u00f9 se loger ?<\/a>\n\t\t<\/h3>\n\n\t\t\n\t\t<div class=\"entry-excerpt\"><p>Le centre de formation Forma Beauty vous propose de vous loger : &nbsp;<\/p>\n<\/div>\n\t\t\n<a href=\"https:\/\/www.forma-beauty.fr\/index.php\/2023\/03\/06\/ou-se-loger\/\" class=\"post-details details-type-link\" aria-label=\"En savoir plus sur O\u00f9 se loger ?\">Lire la suite<i class=\"dt-icon-the7-arrow-03\" aria-hidden=\"true\"><\/i><\/a>\n\n\t<\/div>\n<\/div><\/article><\/div><\/div><!-- iso-container|iso-grid --><\/div>[\/vc_column][\/vc_row]<\/p>\n<\/div>","protected":false},"excerpt":{"rendered":"<p>[vc_row][vc_column][\/vc_column][\/vc_row]<\/p>\n","protected":false},"author":5,"featured_media":0,"parent":0,"menu_order":12,"comment_status":"closed","ping_status":"closed","template":"","meta":{"footnotes":""},"class_list":["post-3081","page","type-page","status-publish","hentry","description-off"],"yoast_head":"<!-- This site is optimized with the Yoast SEO plugin v27.5 - https:\/\/yoast.com\/product\/yoast-seo-wordpress\/ -->\n<title>Informations pratiques - Forma Beauty<\/title>\n<meta name=\"description\" content=\"FormaBeauty : informations pratiques, o\u00f9 se loger, o\u00f9 se restaurer pour b\u00e9n\u00e9ficier des meilleurs services en plus de nos formation beaut\u00e9\" \/>\n<meta name=\"robots\" content=\"index, follow, max-snippet:-1, max-image-preview:large, max-video-preview:-1\" \/>\n<link rel=\"canonical\" href=\"https:\/\/www.forma-beauty.fr\/index.php\/informations-pratiques\/\" \/>\n<meta property=\"og:locale\" content=\"fr_FR\" \/>\n<meta property=\"og:type\" content=\"article\" \/>\n<meta property=\"og:title\" content=\"Informations pratiques - Forma Beauty\" \/>\n<meta property=\"og:description\" content=\"FormaBeauty : informations pratiques, o\u00f9 se loger, o\u00f9 se restaurer pour b\u00e9n\u00e9ficier des meilleurs services en plus de nos formation beaut\u00e9\" \/>\n<meta property=\"og:url\" content=\"https:\/\/www.forma-beauty.fr\/index.php\/informations-pratiques\/\" \/>\n<meta property=\"og:site_name\" content=\"Forma Beauty\" \/>\n<meta property=\"article:modified_time\" content=\"2023-03-06T13:28:58+00:00\" \/>\n<meta name=\"twitter:card\" content=\"summary_large_image\" \/>\n<meta name=\"twitter:label1\" content=\"Dur\u00e9e de lecture estim\u00e9e\" \/>\n\t<meta name=\"twitter:data1\" content=\"1 minute\" \/>\n<script type=\"application\/ld+json\" class=\"yoast-schema-graph\">{\"@context\":\"https:\\\/\\\/schema.org\",\"@graph\":[{\"@type\":\"WebPage\",\"@id\":\"https:\\\/\\\/www.forma-beauty.fr\\\/index.php\\\/informations-pratiques\\\/\",\"url\":\"https:\\\/\\\/www.forma-beauty.fr\\\/index.php\\\/informations-pratiques\\\/\",\"name\":\"Informations pratiques - Forma Beauty\",\"isPartOf\":{\"@id\":\"https:\\\/\\\/www.forma-beauty.fr\\\/#website\"},\"datePublished\":\"2023-03-06T13:20:28+00:00\",\"dateModified\":\"2023-03-06T13:28:58+00:00\",\"description\":\"FormaBeauty : informations pratiques, o\u00f9 se loger, o\u00f9 se restaurer pour b\u00e9n\u00e9ficier des meilleurs services en plus de nos formation beaut\u00e9\",\"breadcrumb\":{\"@id\":\"https:\\\/\\\/www.forma-beauty.fr\\\/index.php\\\/informations-pratiques\\\/#breadcrumb\"},\"inLanguage\":\"fr-FR\",\"potentialAction\":[{\"@type\":\"ReadAction\",\"target\":[\"https:\\\/\\\/www.forma-beauty.fr\\\/index.php\\\/informations-pratiques\\\/\"]}]},{\"@type\":\"BreadcrumbList\",\"@id\":\"https:\\\/\\\/www.forma-beauty.fr\\\/index.php\\\/informations-pratiques\\\/#breadcrumb\",\"itemListElement\":[{\"@type\":\"ListItem\",\"position\":1,\"name\":\"Accueil\",\"item\":\"https:\\\/\\\/www.forma-beauty.fr\\\/\"},{\"@type\":\"ListItem\",\"position\":2,\"name\":\"Informations pratiques\"}]},{\"@type\":\"WebSite\",\"@id\":\"https:\\\/\\\/www.forma-beauty.fr\\\/#website\",\"url\":\"https:\\\/\\\/www.forma-beauty.fr\\\/\",\"name\":\"Forma Beauty\",\"description\":\"Centre de formation Beaut\u00e9\",\"potentialAction\":[{\"@type\":\"SearchAction\",\"target\":{\"@type\":\"EntryPoint\",\"urlTemplate\":\"https:\\\/\\\/www.forma-beauty.fr\\\/?s={search_term_string}\"},\"query-input\":{\"@type\":\"PropertyValueSpecification\",\"valueRequired\":true,\"valueName\":\"search_term_string\"}}],\"inLanguage\":\"fr-FR\"}]}<\/script>\n<!-- \/ Yoast SEO plugin. -->","yoast_head_json":{"title":"Informations pratiques - Forma Beauty","description":"FormaBeauty : informations pratiques, o\u00f9 se loger, o\u00f9 se restaurer pour b\u00e9n\u00e9ficier des meilleurs services en plus de nos formation beaut\u00e9","robots":{"index":"index","follow":"follow","max-snippet":"max-snippet:-1","max-image-preview":"max-image-preview:large","max-video-preview":"max-video-preview:-1"},"canonical":"https:\/\/www.forma-beauty.fr\/index.php\/informations-pratiques\/","og_locale":"fr_FR","og_type":"article","og_title":"Informations pratiques - Forma Beauty","og_description":"FormaBeauty : informations pratiques, o\u00f9 se loger, o\u00f9 se restaurer pour b\u00e9n\u00e9ficier des meilleurs services en plus de nos formation beaut\u00e9","og_url":"https:\/\/www.forma-beauty.fr\/index.php\/informations-pratiques\/","og_site_name":"Forma Beauty","article_modified_time":"2023-03-06T13:28:58+00:00","twitter_card":"summary_large_image","twitter_misc":{"Dur\u00e9e de lecture estim\u00e9e":"1 minute"},"schema":{"@context":"https:\/\/schema.org","@graph":[{"@type":"WebPage","@id":"https:\/\/www.forma-beauty.fr\/index.php\/informations-pratiques\/","url":"https:\/\/www.forma-beauty.fr\/index.php\/informations-pratiques\/","name":"Informations pratiques - Forma Beauty","isPartOf":{"@id":"https:\/\/www.forma-beauty.fr\/#website"},"datePublished":"2023-03-06T13:20:28+00:00","dateModified":"2023-03-06T13:28:58+00:00","description":"FormaBeauty : informations pratiques, o\u00f9 se loger, o\u00f9 se restaurer pour b\u00e9n\u00e9ficier des meilleurs services en plus de nos formation beaut\u00e9","breadcrumb":{"@id":"https:\/\/www.forma-beauty.fr\/index.php\/informations-pratiques\/#breadcrumb"},"inLanguage":"fr-FR","potentialAction":[{"@type":"ReadAction","target":["https:\/\/www.forma-beauty.fr\/index.php\/informations-pratiques\/"]}]},{"@type":"BreadcrumbList","@id":"https:\/\/www.forma-beauty.fr\/index.php\/informations-pratiques\/#breadcrumb","itemListElement":[{"@type":"ListItem","position":1,"name":"Accueil","item":"https:\/\/www.forma-beauty.fr\/"},{"@type":"ListItem","position":2,"name":"Informations pratiques"}]},{"@type":"WebSite","@id":"https:\/\/www.forma-beauty.fr\/#website","url":"https:\/\/www.forma-beauty.fr\/","name":"Forma Beauty","description":"Centre de formation Beaut\u00e9","potentialAction":[{"@type":"SearchAction","target":{"@type":"EntryPoint","urlTemplate":"https:\/\/www.forma-beauty.fr\/?s={search_term_string}"},"query-input":{"@type":"PropertyValueSpecification","valueRequired":true,"valueName":"search_term_string"}}],"inLanguage":"fr-FR"}]}},"_links":{"self":[{"href":"https:\/\/www.forma-beauty.fr\/index.php\/wp-json\/wp\/v2\/pages\/3081","targetHints":{"allow":["GET"]}}],"collection":[{"href":"https:\/\/www.forma-beauty.fr\/index.php\/wp-json\/wp\/v2\/pages"}],"about":[{"href":"https:\/\/www.forma-beauty.fr\/index.php\/wp-json\/wp\/v2\/types\/page"}],"author":[{"embeddable":true,"href":"https:\/\/www.forma-beauty.fr\/index.php\/wp-json\/wp\/v2\/users\/5"}],"replies":[{"embeddable":true,"href":"https:\/\/www.forma-beauty.fr\/index.php\/wp-json\/wp\/v2\/comments?post=3081"}],"version-history":[{"count":2,"href":"https:\/\/www.forma-beauty.fr\/index.php\/wp-json\/wp\/v2\/pages\/3081\/revisions"}],"predecessor-version":[{"id":3088,"href":"https:\/\/www.forma-beauty.fr\/index.php\/wp-json\/wp\/v2\/pages\/3081\/revisions\/3088"}],"wp:attachment":[{"href":"https:\/\/www.forma-beauty.fr\/index.php\/wp-json\/wp\/v2\/media?parent=3081"}],"curies":[{"name":"wp","href":"https:\/\/api.w.org\/{rel}","templated":true}]}}